{"id":16,"date":"2017-12-11T09:34:52","date_gmt":"2017-12-11T09:34:52","guid":{"rendered":"http:\/\/thesmilestones.bertriemer.de\/?page_id=16"},"modified":"2025-11-17T13:24:02","modified_gmt":"2025-11-17T13:24:02","slug":"imprint","status":"publish","type":"page","link":"https:\/\/the-smilestones.com\/?page_id=16","title":{"rendered":"Imprint"},"content":{"rendered":"\n<p><strong>The Smilestones<\/strong><br>is the stage\/artist name of a German music band and is therefore subject to German law. For this reason, this page is written in German.<br><br><strong>Verantwortlich f\u00fcr den Inhalt nach \u00a7 18 Abs. 2 MStV<\/strong><br>Bert Riemer<br>Telefon: +49 171 383 630&lt;sieben><br>E-Mail: thesmilestones[at)gmail(dot).com<br><strong><a href=\"http:\/\/the-smilestones.com\/?page_id=13\" data-type=\"page\" data-id=\"13\">Kontaktformular<\/a><\/strong><\/p>\n\n\n\n<p><strong>Urheberrechteinhaber<\/strong><br>Bert Riemer, John Clark, Stefan Jahnert<\/p>\n\n\n\n<p><strong>Haftungsausschluss<\/strong><br>Die Inhalte dieser Website wurden mit gr\u00f6\u00dfter Sorgfalt erstellt. F\u00fcr die Richtigkeit, Vollst\u00e4ndigkeit und Aktualit\u00e4t der Inhalte \u00fcbernehmen wir keine Gew\u00e4hr.<\/p>\n\n\n\n<p><strong>Haftung f\u00fcr Links<\/strong><br>Unser Angebot enth\u00e4lt Links zu externen Webseiten Dritter, auf deren Inhalte wir keinen Einfluss haben. Deshalb k\u00f6nnen wir f\u00fcr diese fremden Inhalte auch keine Gew\u00e4hr \u00fcbernehmen. F\u00fcr die Inhalte der verlinkten Seiten ist stets der jeweilige Anbieter oder Betreiber der Seiten verantwortlich. Die verlinkten Seiten wurden zum Zeitpunkt der Verlinkung auf m\u00f6gliche Rechtsverst\u00f6\u00dfe \u00fcberpr\u00fcft. Rechtswidrige Inhalte waren zum Zeitpunkt der Verlinkung nicht erkennbar. Eine permanente inhaltliche Kontrolle der verlinkten Seiten ist jedoch ohne konkrete Anhaltspunkte einer Rechtsverletzung nicht zumutbar. Bei Bekanntwerden von Rechtsverletzungen werden wir derartige Links umgehend entfernen.<\/p>\n\n\n\n<p><strong>Urheberrecht<\/strong><br>Die durch uns erstellten bzw. verwendeten Inhalte und Werke auf diesen Seiten unterliegen dem deutschen Urheberrecht. Die Vervielf\u00e4ltigung, Bearbeitung, Verbreitung und jede Art der Verwertung au\u00dferhalb der Grenzen des Urheberrechtes bed\u00fcrfen unserer Zustimmung. Soweit die Inhalte auf dieser Seite nicht vom Betreiber erstellt wurden, werden die Urheberrechte Dritter beachtet. Insbesondere werden Inhalte Dritter als solche gekennzeichnet. Sollten Sie trotzdem auf eine Urheberrechtsverletzung aufmerksam werden, bitten wir um einen entsprechenden Hinweis. Bei Bekanntwerden von Rechtsverletzungen werden wir derartige Inhalte umgehend entfernen.<\/p>\n","protected":false},"excerpt":{"rendered":"<p>The Smilestonesis the stage\/artist name of a German music band and is therefore subject to German law. For this reason, this page is written in German. Verantwortlich f\u00fcr den Inhalt nach \u00a7 18 Abs. 2 MStVBert RiemerTelefon: +49 171 383 630&lt;sieben>E-Mail: thesmilestones[at)gmail(dot).comKontaktformular UrheberrechteinhaberBert Riemer, John Clark, Stefan Jahnert HaftungsausschlussDie Inhalte dieser Website wurden mit gr\u00f6\u00dfter [&hellip;]<\/p>\n","protected":false},"author":1,"featured_media":0,"parent":0,"menu_order":0,"comment_status":"closed","ping_status":"closed","template":"","meta":{"footnotes":""},"class_list":["post-16","page","type-page","status-publish","hentry","gallery-content-unit","post-preview"],"_links":{"self":[{"href":"https:\/\/the-smilestones.com\/index.php?rest_route=\/wp\/v2\/pages\/16","targetHints":{"allow":["GET"]}}],"collection":[{"href":"https:\/\/the-smilestones.com\/index.php?rest_route=\/wp\/v2\/pages"}],"about":[{"href":"https:\/\/the-smilestones.com\/index.php?rest_route=\/wp\/v2\/types\/page"}],"author":[{"embeddable":true,"href":"https:\/\/the-smilestones.com\/index.php?rest_route=\/wp\/v2\/users\/1"}],"replies":[{"embeddable":true,"href":"https:\/\/the-smilestones.com\/index.php?rest_route=%2Fwp%2Fv2%2Fcomments&post=16"}],"version-history":[{"count":13,"href":"https:\/\/the-smilestones.com\/index.php?rest_route=\/wp\/v2\/pages\/16\/revisions"}],"predecessor-version":[{"id":824,"href":"https:\/\/the-smilestones.com\/index.php?rest_route=\/wp\/v2\/pages\/16\/revisions\/824"}],"wp:attachment":[{"href":"https:\/\/the-smilestones.com\/index.php?rest_route=%2Fwp%2Fv2%2Fmedia&parent=16"}],"curies":[{"name":"wp","href":"https:\/\/api.w.org\/{rel}","templated":true}]}}